{"id":2094,"date":"2024-04-11T21:30:27","date_gmt":"2024-04-11T19:30:27","guid":{"rendered":"http:\/\/centrounita.pl\/?page_id=2094"},"modified":"2024-10-27T13:59:58","modified_gmt":"2024-10-27T12:59:58","slug":"kaplica-2","status":"publish","type":"page","link":"http:\/\/centrounita.com.pl\/?page_id=2094","title":{"rendered":"Kaplica"},"content":{"rendered":"\t\t<div data-elementor-type=\"wp-page\" data-elementor-id=\"2094\" class=\"elementor elementor-2094\">\n\t\t\t\t<div class=\"elementor-element elementor-element-2deef3b e-flex e-con-boxed e-con e-parent\" data-id=\"2deef3b\" data-element_type=\"container\" data-settings=\"{&quot;background_background&quot;:&quot;classic&quot;}\">\n\t\t\t\t\t<div class=\"e-con-inner\">\n\t\t\t\t<div class=\"elementor-element elementor-element-5a4afec elementor-widget elementor-widget-heading\" data-id=\"5a4afec\" data-element_type=\"widget\" data-widget_type=\"heading.default\">\n\t\t\t\t<div class=\"elementor-widget-container\">\n\t\t\t<style>\/*! elementor - v3.21.0 - 15-04-2024 *\/\n.elementor-heading-title{padding:0;margin:0;line-height:1}.elementor-widget-heading .elementor-heading-title[class*=elementor-size-]>a{color:inherit;font-size:inherit;line-height:inherit}.elementor-widget-heading .elementor-heading-title.elementor-size-small{font-size:15px}.elementor-widget-heading .elementor-heading-title.elementor-size-medium{font-size:19px}.elementor-widget-heading .elementor-heading-title.elementor-size-large{font-size:29px}.elementor-widget-heading .elementor-heading-title.elementor-size-xl{font-size:39px}.elementor-widget-heading .elementor-heading-title.elementor-size-xxl{font-size:59px}<\/style><h4 class=\"elementor-heading-title elementor-size-default\">Kaplica<\/h4>\t\t<\/div>\n\t\t\t\t<\/div>\n\t\t\t\t\t<\/div>\n\t\t\t\t<\/div>\n\t\t<div class=\"elementor-element elementor-element-60bdceb e-flex e-con-boxed e-con e-parent\" data-id=\"60bdceb\" data-element_type=\"container\">\n\t\t\t\t\t<div class=\"e-con-inner\">\n\t\t<div class=\"elementor-element elementor-element-ca332b8 e-flex e-con-boxed e-con e-child\" data-id=\"ca332b8\" data-element_type=\"container\">\n\t\t\t\t\t<div class=\"e-con-inner\">\n\t\t\t\t<div class=\"elementor-element elementor-element-3e256d2 elementor-widget elementor-widget-heading\" data-id=\"3e256d2\" data-element_type=\"widget\" data-widget_type=\"heading.default\">\n\t\t\t\t<div class=\"elementor-widget-container\">\n\t\t\t<h2 class=\"elementor-heading-title elementor-size-default\">W domu znajduje si\u0119 kaplica z Naj\u015bwi\u0119tszym Sakramentem.<\/h2>\t\t<\/div>\n\t\t\t\t<\/div>\n\t\t\t\t\t<\/div>\n\t\t\t\t<\/div>\n\t\t\t\t<div class=\"elementor-element elementor-element-6ceac64 elementor-widget elementor-widget-image-gallery\" data-id=\"6ceac64\" data-element_type=\"widget\" data-widget_type=\"image-gallery.default\">\n\t\t\t\t<div class=\"elementor-widget-container\">\n\t\t\t<style>\/*! elementor - v3.21.0 - 15-04-2024 *\/\n.elementor-image-gallery .gallery-item{display:inline-block;text-align:center;vertical-align:top;width:100%;max-width:100%;margin:0 auto}.elementor-image-gallery .gallery-item img{margin:0 auto}.elementor-image-gallery .gallery-item .gallery-caption{margin:0}.elementor-image-gallery figure img{display:block}.elementor-image-gallery figure figcaption{width:100%}.gallery-spacing-custom .elementor-image-gallery .gallery-icon{padding:0}@media (min-width:768px){.elementor-image-gallery .gallery-columns-2 .gallery-item{max-width:50%}.elementor-image-gallery .gallery-columns-3 .gallery-item{max-width:33.33%}.elementor-image-gallery .gallery-columns-4 .gallery-item{max-width:25%}.elementor-image-gallery .gallery-columns-5 .gallery-item{max-width:20%}.elementor-image-gallery .gallery-columns-6 .gallery-item{max-width:16.666%}.elementor-image-gallery .gallery-columns-7 .gallery-item{max-width:14.28%}.elementor-image-gallery .gallery-columns-8 .gallery-item{max-width:12.5%}.elementor-image-gallery .gallery-columns-9 .gallery-item{max-width:11.11%}.elementor-image-gallery .gallery-columns-10 .gallery-item{max-width:10%}}@media (min-width:480px) and (max-width:767px){.elementor-image-gallery .gallery.gallery-columns-2 .gallery-item,.elementor-image-gallery .gallery.gallery-columns-3 .gallery-item,.elementor-image-gallery .gallery.gallery-columns-4 .gallery-item,.elementor-image-gallery .gallery.gallery-columns-5 .gallery-item,.elementor-image-gallery .gallery.gallery-columns-6 .gallery-item,.elementor-image-gallery .gallery.gallery-columns-7 .gallery-item,.elementor-image-gallery .gallery.gallery-columns-8 .gallery-item,.elementor-image-gallery .gallery.gallery-columns-9 .gallery-item,.elementor-image-gallery .gallery.gallery-columns-10 .gallery-item{max-width:50%}}@media (max-width:479px){.elementor-image-gallery .gallery.gallery-columns-2 .gallery-item,.elementor-image-gallery .gallery.gallery-columns-3 .gallery-item,.elementor-image-gallery .gallery.gallery-columns-4 .gallery-item,.elementor-image-gallery .gallery.gallery-columns-5 .gallery-item,.elementor-image-gallery .gallery.gallery-columns-6 .gallery-item,.elementor-image-gallery .gallery.gallery-columns-7 .gallery-item,.elementor-image-gallery .gallery.gallery-columns-8 .gallery-item,.elementor-image-gallery .gallery.gallery-columns-9 .gallery-item,.elementor-image-gallery .gallery.gallery-columns-10 .gallery-item{max-width:100%}}<\/style>\t\t<div class=\"elementor-image-gallery\">\n\t\t\t<div id='gallery-1' class='gallery galleryid-2094 gallery-columns-3 gallery-size-full'><figure class='gallery-item'>\n\t\t\t<div class='gallery-icon landscape'>\n\t\t\t\t<a data-elementor-open-lightbox=\"yes\" data-elementor-lightbox-slideshow=\"6ceac64\" data-elementor-lightbox-title=\"oltarz 2\" data-e-action-hash=\"#elementor-action%3Aaction%3Dlightbox%26settings%3DeyJpZCI6MjM4MiwidXJsIjoiaHR0cDpcL1wvY2VudHJvdW5pdGEuY29tLnBsXC93cC1jb250ZW50XC91cGxvYWRzXC8yMDI0XC8wNFwvb2x0YXJ6LTIuanBnIiwic2xpZGVzaG93IjoiNmNlYWM2NCJ9\" href='http:\/\/centrounita.com.pl\/wp-content\/uploads\/2024\/04\/oltarz-2.jpg'><img fetchpriority=\"high\" decoding=\"async\" width=\"2000\" height=\"1167\" src=\"http:\/\/centrounita.com.pl\/wp-content\/uploads\/2024\/04\/oltarz-2.jpg\" class=\"attachment-full size-full\" alt=\"\" srcset=\"http:\/\/centrounita.com.pl\/wp-content\/uploads\/2024\/04\/oltarz-2.jpg 2000w, http:\/\/centrounita.com.pl\/wp-content\/uploads\/2024\/04\/oltarz-2-300x175.jpg 300w, http:\/\/centrounita.com.pl\/wp-content\/uploads\/2024\/04\/oltarz-2-1024x598.jpg 1024w, http:\/\/centrounita.com.pl\/wp-content\/uploads\/2024\/04\/oltarz-2-768x448.jpg 768w, http:\/\/centrounita.com.pl\/wp-content\/uploads\/2024\/04\/oltarz-2-1536x896.jpg 1536w\" sizes=\"(max-width: 2000px) 100vw, 2000px\" \/><\/a>\n\t\t\t<\/div><\/figure><figure class='gallery-item'>\n\t\t\t<div class='gallery-icon landscape'>\n\t\t\t\t<a data-elementor-open-lightbox=\"yes\" data-elementor-lightbox-slideshow=\"6ceac64\" data-elementor-lightbox-title=\"PANO_20200907_142545\" data-e-action-hash=\"#elementor-action%3Aaction%3Dlightbox%26settings%3DeyJpZCI6MjE3MiwidXJsIjoiaHR0cDpcL1wvY2VudHJvdW5pdGEuY29tLnBsXC93cC1jb250ZW50XC91cGxvYWRzXC8yMDI0XC8wNFwvUEFOT18yMDIwMDkwN18xNDI1NDUuanBnIiwic2xpZGVzaG93IjoiNmNlYWM2NCJ9\" href='http:\/\/centrounita.com.pl\/wp-content\/uploads\/2024\/04\/PANO_20200907_142545.jpg'><img decoding=\"async\" width=\"2000\" height=\"1167\" src=\"http:\/\/centrounita.com.pl\/wp-content\/uploads\/2024\/04\/PANO_20200907_142545.jpg\" class=\"attachment-full size-full\" alt=\"\" srcset=\"http:\/\/centrounita.com.pl\/wp-content\/uploads\/2024\/04\/PANO_20200907_142545.jpg 2000w, http:\/\/centrounita.com.pl\/wp-content\/uploads\/2024\/04\/PANO_20200907_142545-300x175.jpg 300w, http:\/\/centrounita.com.pl\/wp-content\/uploads\/2024\/04\/PANO_20200907_142545-1024x598.jpg 1024w, http:\/\/centrounita.com.pl\/wp-content\/uploads\/2024\/04\/PANO_20200907_142545-768x448.jpg 768w, http:\/\/centrounita.com.pl\/wp-content\/uploads\/2024\/04\/PANO_20200907_142545-1536x896.jpg 1536w\" sizes=\"(max-width: 2000px) 100vw, 2000px\" \/><\/a>\n\t\t\t<\/div><\/figure><figure class='gallery-item'>\n\t\t\t<div class='gallery-icon landscape'>\n\t\t\t\t<a data-elementor-open-lightbox=\"yes\" data-elementor-lightbox-slideshow=\"6ceac64\" data-elementor-lightbox-title=\"oltarz\" data-e-action-hash=\"#elementor-action%3Aaction%3Dlightbox%26settings%3DeyJpZCI6MjM4MywidXJsIjoiaHR0cDpcL1wvY2VudHJvdW5pdGEuY29tLnBsXC93cC1jb250ZW50XC91cGxvYWRzXC8yMDI0XC8wNFwvb2x0YXJ6LmpwZyIsInNsaWRlc2hvdyI6IjZjZWFjNjQifQ%3D%3D\" href='http:\/\/centrounita.com.pl\/wp-content\/uploads\/2024\/04\/oltarz.jpg'><img decoding=\"async\" width=\"2000\" height=\"1167\" src=\"http:\/\/centrounita.com.pl\/wp-content\/uploads\/2024\/04\/oltarz.jpg\" class=\"attachment-full size-full\" alt=\"\" srcset=\"http:\/\/centrounita.com.pl\/wp-content\/uploads\/2024\/04\/oltarz.jpg 2000w, http:\/\/centrounita.com.pl\/wp-content\/uploads\/2024\/04\/oltarz-300x175.jpg 300w, http:\/\/centrounita.com.pl\/wp-content\/uploads\/2024\/04\/oltarz-1024x598.jpg 1024w, http:\/\/centrounita.com.pl\/wp-content\/uploads\/2024\/04\/oltarz-768x448.jpg 768w, http:\/\/centrounita.com.pl\/wp-content\/uploads\/2024\/04\/oltarz-1536x896.jpg 1536w\" sizes=\"(max-width: 2000px) 100vw, 2000px\" \/><\/a>\n\t\t\t<\/div><\/figure>\n\t\t<\/div>\n\t\t<\/div>\n\t\t\t\t<\/div>\n\t\t\t\t<\/div>\n\t\t\t\t\t<\/div>\n\t\t\t\t<\/div>\n\t\t<div class=\"elementor-element elementor-element-439e518 e-flex e-con-boxed e-con e-parent\" data-id=\"439e518\" data-element_type=\"container\" data-settings=\"{&quot;background_background&quot;:&quot;classic&quot;}\">\n\t\t\t\t\t<div class=\"e-con-inner\">\n\t\t<div class=\"elementor-element elementor-element-d54d0d7 e-con-full e-flex e-con e-child\" data-id=\"d54d0d7\" data-element_type=\"container\">\n\t\t\t\t<\/div>\n\t\t<div class=\"elementor-element elementor-element-76806bc e-con-full e-flex e-con e-child\" data-id=\"76806bc\" data-element_type=\"container\">\n\t\t\t\t<div class=\"elementor-element elementor-element-1da2d97 elementor-widget elementor-widget-image\" data-id=\"1da2d97\" data-element_type=\"widget\" data-widget_type=\"image.default\">\n\t\t\t\t<div class=\"elementor-widget-container\">\n\t\t\t<style>\/*! elementor - v3.21.0 - 15-04-2024 *\/\n.elementor-widget-image{text-align:center}.elementor-widget-image a{display:inline-block}.elementor-widget-image a img[src$=\".svg\"]{width:48px}.elementor-widget-image img{vertical-align:middle;display:inline-block}<\/style>\t\t\t\t\t\t\t\t\t\t<img decoding=\"async\" src=\"http:\/\/centrounita.com.pl\/wp-content\/uploads\/2021\/11\/quotes.svg\" class=\"attachment-full size-full wp-image-117\" alt=\"\" \/>\t\t\t\t\t\t\t\t\t\t\t\t\t<\/div>\n\t\t\t\t<\/div>\n\t\t\t\t<div class=\"elementor-element elementor-element-09e444c elementor-widget elementor-widget-heading\" data-id=\"09e444c\" data-element_type=\"widget\" data-widget_type=\"heading.default\">\n\t\t\t\t<div class=\"elementor-widget-container\">\n\t\t\t<h4 class=\"elementor-heading-title elementor-size-default\">\u201cZaprawd\u0119, zaprawd\u0119 powiadam wam: Kto przyjmuje Tego, kt\u00f3rego Ja po\u015bl\u0119, Mnie przyjmuje, <br>a kto Mnie przyjmuje, przyjmuje Tego, kt\u00f3ry Mnie pos\u0142a\u0142.\u201d<\/h4>\t\t<\/div>\n\t\t\t\t<\/div>\n\t\t\t\t<div class=\"elementor-element elementor-element-20cabdc elementor-widget elementor-widget-text-editor\" data-id=\"20cabdc\" data-element_type=\"widget\" data-widget_type=\"text-editor.default\">\n\t\t\t\t<div class=\"elementor-widget-container\">\n\t\t\t<style>\/*! elementor - v3.21.0 - 15-04-2024 *\/\n.elementor-widget-text-editor.elementor-drop-cap-view-stacked .elementor-drop-cap{background-color:#69727d;color:#fff}.elementor-widget-text-editor.elementor-drop-cap-view-framed .elementor-drop-cap{color:#69727d;border:3px solid;background-color:transparent}.elementor-widget-text-editor:not(.elementor-drop-cap-view-default) .elementor-drop-cap{margin-top:8px}.elementor-widget-text-editor:not(.elementor-drop-cap-view-default) .elementor-drop-cap-letter{width:1em;height:1em}.elementor-widget-text-editor .elementor-drop-cap{float:left;text-align:center;line-height:1;font-size:50px}.elementor-widget-text-editor .elementor-drop-cap-letter{display:inline-block}<\/style>\t\t\t\t<p><i>J 13,20<\/i><br><\/p>\t\t\t\t\t\t<\/div>\n\t\t\t\t<\/div>\n\t\t\t\t<\/div>\n\t\t<div class=\"elementor-element elementor-element-1d40b71 e-con-full e-flex e-con e-child\" data-id=\"1d40b71\" data-element_type=\"container\">\n\t\t\t\t<\/div>\n\t\t\t\t\t<\/div>\n\t\t\t\t<\/div>\n\t\t\t\t<\/div>\n\t\t","protected":false},"excerpt":{"rendered":"<p>Kaplica W domu znajduje si\u0119 kaplica z Naj\u015bwi\u0119tszym Sakramentem. \u201cZaprawd\u0119, zaprawd\u0119 powiadam wam: Kto przyjmuje Tego, kt\u00f3rego Ja po\u015bl\u0119, Mnie przyjmuje, a kto Mnie przyjmuje, przyjmuje Tego, kt\u00f3ry Mnie pos\u0142a\u0142.\u201d J 13,20<\/p>\n","protected":false},"author":1,"featured_media":0,"parent":0,"menu_order":0,"comment_status":"closed","ping_status":"closed","template":"","meta":{"site-sidebar-layout":"no-sidebar","site-content-layout":"page-builder","ast-site-content-layout":"full-width-container","site-content-style":"default","site-sidebar-style":"default","ast-global-header-display":"","ast-banner-title-visibility":"","ast-main-header-display":"","ast-hfb-above-header-display":"","ast-hfb-below-header-display":"","ast-hfb-mobile-header-display":"","site-post-title":"disabled","ast-breadcrumbs-content":"","ast-featured-img":"disabled","footer-sml-layout":"","theme-transparent-header-meta":"","adv-header-id-meta":"","stick-header-meta":"","header-above-stick-meta":"","header-main-stick-meta":"","header-below-stick-meta":"","astra-migrate-meta-layouts":"default","ast-page-background-enabled":"default","ast-page-background-meta":{"desktop":{"background-color":"var(--ast-global-color-4)","background-image":"","background-repeat":"repeat","background-position":"center center","background-size":"auto","background-attachment":"scroll","background-type":"","background-media":"","overlay-type":"","overlay-color":"","overlay-gradient":""},"tablet":{"background-color":"","background-image":"","background-repeat":"repeat","background-position":"center center","background-size":"auto","background-attachment":"scroll","background-type":"","background-media":"","overlay-type":"","overlay-color":"","overlay-gradient":""},"mobile":{"background-color":"","background-image":"","background-repeat":"repeat","background-position":"center center","background-size":"auto","background-attachment":"scroll","background-type":"","background-media":"","overlay-type":"","overlay-color":"","overlay-gradient":""}},"ast-content-background-meta":{"desktop":{"background-color":"var(--ast-global-color-5)","background-image":"","background-repeat":"repeat","background-position":"center center","background-size":"auto","background-attachment":"scroll","background-type":"","background-media":"","overlay-type":"","overlay-color":"","overlay-gradient":""},"tablet":{"background-color":"var(--ast-global-color-5)","background-image":"","background-repeat":"repeat","background-position":"center center","background-size":"auto","background-attachment":"scroll","background-type":"","background-media":"","overlay-type":"","overlay-color":"","overlay-gradient":""},"mobile":{"background-color":"var(--ast-global-color-5)","background-image":"","background-repeat":"repeat","background-position":"center center","background-size":"auto","background-attachment":"scroll","background-type":"","background-media":"","overlay-type":"","overlay-color":"","overlay-gradient":""}},"footnotes":""},"class_list":["post-2094","page","type-page","status-publish","hentry"],"yoast_head":"<!-- This site is optimized with the Yoast SEO plugin v22.5 - https:\/\/yoast.com\/wordpress\/plugins\/seo\/ -->\n<title>Kaplica - CENTRO UNIT\u00c0<\/title>\n<meta name=\"robots\" content=\"index, follow, max-snippet:-1, max-image-preview:large, max-video-preview:-1\" \/>\n<link rel=\"canonical\" href=\"http:\/\/centrounita.com.pl\/?page_id=2094\" \/>\n<meta property=\"og:locale\" content=\"pl_PL\" \/>\n<meta property=\"og:type\" content=\"article\" \/>\n<meta property=\"og:title\" content=\"Kaplica - CENTRO UNIT\u00c0\" \/>\n<meta property=\"og:description\" content=\"Kaplica W domu znajduje si\u0119 kaplica z Naj\u015bwi\u0119tszym Sakramentem. \u201cZaprawd\u0119, zaprawd\u0119 powiadam wam: Kto przyjmuje Tego, kt\u00f3rego Ja po\u015bl\u0119, Mnie przyjmuje, a kto Mnie przyjmuje, przyjmuje Tego, kt\u00f3ry Mnie pos\u0142a\u0142.\u201d J 13,20\" \/>\n<meta property=\"og:url\" content=\"http:\/\/centrounita.com.pl\/?page_id=2094\" \/>\n<meta property=\"og:site_name\" content=\"CENTRO UNIT\u00c0\" \/>\n<meta property=\"article:modified_time\" content=\"2024-10-27T12:59:58+00:00\" \/>\n<meta property=\"og:image\" content=\"http:\/\/hostingwp2419979.online.pro\/autoinstalator\/wordpressplugins\/wp-content\/uploads\/2024\/04\/oltarz-2.jpg\" \/>\n<meta name=\"twitter:card\" content=\"summary_large_image\" \/>\n<meta name=\"twitter:label1\" content=\"Szacowany czas czytania\" \/>\n\t<meta name=\"twitter:data1\" content=\"1 minuta\" \/>\n<script type=\"application\/ld+json\" class=\"yoast-schema-graph\">{\"@context\":\"https:\/\/schema.org\",\"@graph\":[{\"@type\":\"WebPage\",\"@id\":\"http:\/\/centrounita.com.pl\/?page_id=2094\",\"url\":\"http:\/\/centrounita.com.pl\/?page_id=2094\",\"name\":\"Kaplica - CENTRO UNIT\u00c0\",\"isPartOf\":{\"@id\":\"http:\/\/centrounita.com.pl\/#website\"},\"primaryImageOfPage\":{\"@id\":\"http:\/\/centrounita.com.pl\/?page_id=2094#primaryimage\"},\"image\":{\"@id\":\"http:\/\/centrounita.com.pl\/?page_id=2094#primaryimage\"},\"thumbnailUrl\":\"http:\/\/hostingwp2419979.online.pro\/autoinstalator\/wordpressplugins\/wp-content\/uploads\/2024\/04\/oltarz-2.jpg\",\"datePublished\":\"2024-04-11T19:30:27+00:00\",\"dateModified\":\"2024-10-27T12:59:58+00:00\",\"breadcrumb\":{\"@id\":\"http:\/\/centrounita.com.pl\/?page_id=2094#breadcrumb\"},\"inLanguage\":\"pl-PL\",\"potentialAction\":[{\"@type\":\"ReadAction\",\"target\":[\"http:\/\/centrounita.com.pl\/?page_id=2094\"]}]},{\"@type\":\"ImageObject\",\"inLanguage\":\"pl-PL\",\"@id\":\"http:\/\/centrounita.com.pl\/?page_id=2094#primaryimage\",\"url\":\"http:\/\/hostingwp2419979.online.pro\/autoinstalator\/wordpressplugins\/wp-content\/uploads\/2024\/04\/oltarz-2.jpg\",\"contentUrl\":\"http:\/\/hostingwp2419979.online.pro\/autoinstalator\/wordpressplugins\/wp-content\/uploads\/2024\/04\/oltarz-2.jpg\"},{\"@type\":\"BreadcrumbList\",\"@id\":\"http:\/\/centrounita.com.pl\/?page_id=2094#breadcrumb\",\"itemListElement\":[{\"@type\":\"ListItem\",\"position\":1,\"name\":\"Strona g\u0142\u00f3wna\",\"item\":\"http:\/\/centrounita.com.pl\/\"},{\"@type\":\"ListItem\",\"position\":2,\"name\":\"Kaplica\"}]},{\"@type\":\"WebSite\",\"@id\":\"http:\/\/centrounita.com.pl\/#website\",\"url\":\"http:\/\/centrounita.com.pl\/\",\"name\":\"CENTRO UNIT\u00c0\",\"description\":\"Noclegi, konferencje, rekolekcje, spotkania okoliczno\u015bciowe\",\"publisher\":{\"@id\":\"http:\/\/centrounita.com.pl\/#organization\"},\"potentialAction\":[{\"@type\":\"SearchAction\",\"target\":{\"@type\":\"EntryPoint\",\"urlTemplate\":\"http:\/\/centrounita.com.pl\/?s={search_term_string}\"},\"query-input\":\"required name=search_term_string\"}],\"inLanguage\":\"pl-PL\"},{\"@type\":\"Organization\",\"@id\":\"http:\/\/centrounita.com.pl\/#organization\",\"name\":\"CENTRO UNIT\u00c0\",\"url\":\"http:\/\/centrounita.com.pl\/\",\"logo\":{\"@type\":\"ImageObject\",\"inLanguage\":\"pl-PL\",\"@id\":\"http:\/\/centrounita.com.pl\/#\/schema\/logo\/image\/\",\"url\":\"http:\/\/centrounita.com.pl\/wp-content\/uploads\/2024\/04\/cropped-cropped-logo-cu2.png\",\"contentUrl\":\"http:\/\/centrounita.com.pl\/wp-content\/uploads\/2024\/04\/cropped-cropped-logo-cu2.png\",\"width\":417,\"height\":139,\"caption\":\"CENTRO UNIT\u00c0\"},\"image\":{\"@id\":\"http:\/\/centrounita.com.pl\/#\/schema\/logo\/image\/\"}}]}<\/script>\n<!-- \/ Yoast SEO plugin. -->","yoast_head_json":{"title":"Kaplica - CENTRO UNIT\u00c0","robots":{"index":"index","follow":"follow","max-snippet":"max-snippet:-1","max-image-preview":"max-image-preview:large","max-video-preview":"max-video-preview:-1"},"canonical":"http:\/\/centrounita.com.pl\/?page_id=2094","og_locale":"pl_PL","og_type":"article","og_title":"Kaplica - CENTRO UNIT\u00c0","og_description":"Kaplica W domu znajduje si\u0119 kaplica z Naj\u015bwi\u0119tszym Sakramentem. \u201cZaprawd\u0119, zaprawd\u0119 powiadam wam: Kto przyjmuje Tego, kt\u00f3rego Ja po\u015bl\u0119, Mnie przyjmuje, a kto Mnie przyjmuje, przyjmuje Tego, kt\u00f3ry Mnie pos\u0142a\u0142.\u201d J 13,20","og_url":"http:\/\/centrounita.com.pl\/?page_id=2094","og_site_name":"CENTRO UNIT\u00c0","article_modified_time":"2024-10-27T12:59:58+00:00","og_image":[{"url":"http:\/\/hostingwp2419979.online.pro\/autoinstalator\/wordpressplugins\/wp-content\/uploads\/2024\/04\/oltarz-2.jpg"}],"twitter_card":"summary_large_image","twitter_misc":{"Szacowany czas czytania":"1 minuta"},"schema":{"@context":"https:\/\/schema.org","@graph":[{"@type":"WebPage","@id":"http:\/\/centrounita.com.pl\/?page_id=2094","url":"http:\/\/centrounita.com.pl\/?page_id=2094","name":"Kaplica - CENTRO UNIT\u00c0","isPartOf":{"@id":"http:\/\/centrounita.com.pl\/#website"},"primaryImageOfPage":{"@id":"http:\/\/centrounita.com.pl\/?page_id=2094#primaryimage"},"image":{"@id":"http:\/\/centrounita.com.pl\/?page_id=2094#primaryimage"},"thumbnailUrl":"http:\/\/hostingwp2419979.online.pro\/autoinstalator\/wordpressplugins\/wp-content\/uploads\/2024\/04\/oltarz-2.jpg","datePublished":"2024-04-11T19:30:27+00:00","dateModified":"2024-10-27T12:59:58+00:00","breadcrumb":{"@id":"http:\/\/centrounita.com.pl\/?page_id=2094#breadcrumb"},"inLanguage":"pl-PL","potentialAction":[{"@type":"ReadAction","target":["http:\/\/centrounita.com.pl\/?page_id=2094"]}]},{"@type":"ImageObject","inLanguage":"pl-PL","@id":"http:\/\/centrounita.com.pl\/?page_id=2094#primaryimage","url":"http:\/\/hostingwp2419979.online.pro\/autoinstalator\/wordpressplugins\/wp-content\/uploads\/2024\/04\/oltarz-2.jpg","contentUrl":"http:\/\/hostingwp2419979.online.pro\/autoinstalator\/wordpressplugins\/wp-content\/uploads\/2024\/04\/oltarz-2.jpg"},{"@type":"BreadcrumbList","@id":"http:\/\/centrounita.com.pl\/?page_id=2094#breadcrumb","itemListElement":[{"@type":"ListItem","position":1,"name":"Strona g\u0142\u00f3wna","item":"http:\/\/centrounita.com.pl\/"},{"@type":"ListItem","position":2,"name":"Kaplica"}]},{"@type":"WebSite","@id":"http:\/\/centrounita.com.pl\/#website","url":"http:\/\/centrounita.com.pl\/","name":"CENTRO UNIT\u00c0","description":"Noclegi, konferencje, rekolekcje, spotkania okoliczno\u015bciowe","publisher":{"@id":"http:\/\/centrounita.com.pl\/#organization"},"potentialAction":[{"@type":"SearchAction","target":{"@type":"EntryPoint","urlTemplate":"http:\/\/centrounita.com.pl\/?s={search_term_string}"},"query-input":"required name=search_term_string"}],"inLanguage":"pl-PL"},{"@type":"Organization","@id":"http:\/\/centrounita.com.pl\/#organization","name":"CENTRO UNIT\u00c0","url":"http:\/\/centrounita.com.pl\/","logo":{"@type":"ImageObject","inLanguage":"pl-PL","@id":"http:\/\/centrounita.com.pl\/#\/schema\/logo\/image\/","url":"http:\/\/centrounita.com.pl\/wp-content\/uploads\/2024\/04\/cropped-cropped-logo-cu2.png","contentUrl":"http:\/\/centrounita.com.pl\/wp-content\/uploads\/2024\/04\/cropped-cropped-logo-cu2.png","width":417,"height":139,"caption":"CENTRO UNIT\u00c0"},"image":{"@id":"http:\/\/centrounita.com.pl\/#\/schema\/logo\/image\/"}}]}},"_links":{"self":[{"href":"http:\/\/centrounita.com.pl\/index.php?rest_route=\/wp\/v2\/pages\/2094","targetHints":{"allow":["GET"]}}],"collection":[{"href":"http:\/\/centrounita.com.pl\/index.php?rest_route=\/wp\/v2\/pages"}],"about":[{"href":"http:\/\/centrounita.com.pl\/index.php?rest_route=\/wp\/v2\/types\/page"}],"author":[{"embeddable":true,"href":"http:\/\/centrounita.com.pl\/index.php?rest_route=\/wp\/v2\/users\/1"}],"replies":[{"embeddable":true,"href":"http:\/\/centrounita.com.pl\/index.php?rest_route=%2Fwp%2Fv2%2Fcomments&post=2094"}],"version-history":[{"count":79,"href":"http:\/\/centrounita.com.pl\/index.php?rest_route=\/wp\/v2\/pages\/2094\/revisions"}],"predecessor-version":[{"id":2822,"href":"http:\/\/centrounita.com.pl\/index.php?rest_route=\/wp\/v2\/pages\/2094\/revisions\/2822"}],"wp:attachment":[{"href":"http:\/\/centrounita.com.pl\/index.php?rest_route=%2Fwp%2Fv2%2Fmedia&parent=2094"}],"curies":[{"name":"wp","href":"https:\/\/api.w.org\/{rel}","templated":true}]}}